{"id":25,"date":"2024-05-07T13:40:49","date_gmt":"2024-05-07T13:40:49","guid":{"rendered":"https:\/\/dev-kf.kunstakademiet.dk\/?page_id=25"},"modified":"2024-05-07T13:40:50","modified_gmt":"2024-05-07T13:40:50","slug":"medlemskab","status":"publish","type":"page","link":"https:\/\/kf.kunstakademiet.dk\/index.php\/medlemskab\/","title":{"rendered":"Medlemskab"},"content":{"rendered":"\n<p><strong>Hvem kan blive medlem?<\/strong><\/p>\n\n\n\n<p>Du kan blive medlem af Kunstakademiets Kunstforening hvis du er eller har v\u00e6ret ansat p\u00e5 Kunstakademiets Billedkunstskoler eller Det Kongelige Akademi &#8211; Arkitektur, Design og Konservering.&nbsp;Du har alts\u00e5 mulighed for&nbsp;at fastholde dit medlemskab,&nbsp;hvis du skifter job eller g\u00e5r p\u00e5 pension.<\/p>\n\n\n\n<p><strong>Hvad f\u00e5r jeg ud af at v\u00e6re medlem?<\/strong><\/p>\n\n\n\n<ul class=\"wp-block-list\">\n<li>Mulighed for at deltage i forskellige arrangementer i \u00e5rets l\u00f8b \u2013 bes\u00f8g p\u00e5 udstillingssteder, sm\u00e5 gallerier samt hyggeligt samv\u00e6r med kollegaer fra Kunstakademiet, som du ellers sj\u00e6ldent tr\u00e6ffer.<\/li>\n\n\n\n<li>Mulighed for at vinde et kunstv\u00e6rk el.lign. i forbindelse med den \u00e5rlige bortlodning af kunstv\u00e6rker, der finder sted i forl\u00e6ngelse af generalforsamlingen.\u00a0<br><\/li>\n<\/ul>\n\n\n\n<p><strong>Hvad koster det at v\u00e6re medlem?<\/strong><\/p>\n\n\n\n<ul class=\"wp-block-list\">\n<li>Medlemskab koster 60 kr. om m\u00e5neden, 30 kr. om m\u00e5neden hvis du er pensionist.<\/li>\n\n\n\n<li>Kontingentet opkr\u00e6ves automatisk p\u00e5 din l\u00f8nseddel, s\u00e5fremt du er ansat p\u00e5 en af Kunstakademiets skoler.<\/li>\n\n\n\n<li>S\u00e5fremt du\u00a0er pensionist eller tidligere ansat,\u00a0indbetales kontingentet \u00e9n gang \u00e5rligt pr. 1. september via bankoverf\u00f8rsel til\u00a0Danske Bank\u00a0Reg:\u00a01551\u00a0Konto:\u00a04310128678<\/li>\n<\/ul>\n\n\n\n<p><strong>Hvordan bliver jeg medlem?<\/strong><\/p>\n\n\n\n<p>Hvis du vil v\u00e6re medlem, skal du skrive en mail til <a href=\"mailto:kakunst@kglakademi.dk\">kakunst@kglakademi.dk<br><\/a>Du skal i mailen oplyse:<\/p>\n\n\n\n<ul class=\"wp-block-list\">\n<li>Navn.<\/li>\n\n\n\n<li>E-mail adresse.<\/li>\n\n\n\n<li>Ans\u00e6ttelsesforhold\/ans\u00e6ttelsessted p\u00e5 Kunstakademiet.<\/li>\n\n\n\n<li>At du er indforst\u00e5et med at der bliver trukket 60 kr. om m\u00e5neden fra din l\u00f8n.<\/li>\n\n\n\n<li>Eller at du er pensionist eller tidligere ansat og\u00a0indbetaler kontingentet \u00e9n gang \u00e5rligt pr. 1. september via bankoverf\u00f8rsel til\u00a0Danske Bank\u00a0Reg:\u00a01551\u00a0Konto:\u00a04310128678<\/li>\n<\/ul>\n\n\n\n<p><strong>Hvordan kommer Kunstforeningen i kontakt med mig?<\/strong><\/p>\n\n\n\n<p>Bestyrelsen udsender invitationer til arrangementer via e-mail. Det er derfor<strong> vigtigt<\/strong>, at vi har din aktuelle e-mail adresse.<\/p>\n","protected":false},"excerpt":{"rendered":"<p>Hvem kan blive medlem? Du kan blive medlem af Kunstakademiets Kunstforening hvis du er eller har v\u00e6ret ansat p\u00e5 Kunstakademiets Billedkunstskoler eller Det Kongelige Akademi &#8211; Arkitektur, Design og Konservering.&nbsp;Du har alts\u00e5 mulighed for&nbsp;at fastholde dit medlemskab,&nbsp;hvis du skifter job eller g\u00e5r p\u00e5 pension. Hvad f\u00e5r jeg ud af at v\u00e6re medlem? Hvad koster det [&hellip;]<\/p>\n","protected":false},"author":2,"featured_media":0,"parent":0,"menu_order":0,"comment_status":"closed","ping_status":"closed","template":"","meta":{"inline_featured_image":false,"footnotes":""},"class_list":["post-25","page","type-page","status-publish","hentry"],"_links":{"self":[{"href":"https:\/\/kf.kunstakademiet.dk\/index.php\/wp-json\/wp\/v2\/pages\/25","targetHints":{"allow":["GET"]}}],"collection":[{"href":"https:\/\/kf.kunstakademiet.dk\/index.php\/wp-json\/wp\/v2\/pages"}],"about":[{"href":"https:\/\/kf.kunstakademiet.dk\/index.php\/wp-json\/wp\/v2\/types\/page"}],"author":[{"embeddable":true,"href":"https:\/\/kf.kunstakademiet.dk\/index.php\/wp-json\/wp\/v2\/users\/2"}],"replies":[{"embeddable":true,"href":"https:\/\/kf.kunstakademiet.dk\/index.php\/wp-json\/wp\/v2\/comments?post=25"}],"version-history":[{"count":1,"href":"https:\/\/kf.kunstakademiet.dk\/index.php\/wp-json\/wp\/v2\/pages\/25\/revisions"}],"predecessor-version":[{"id":26,"href":"https:\/\/kf.kunstakademiet.dk\/index.php\/wp-json\/wp\/v2\/pages\/25\/revisions\/26"}],"wp:attachment":[{"href":"https:\/\/kf.kunstakademiet.dk\/index.php\/wp-json\/wp\/v2\/media?parent=25"}],"curies":[{"name":"wp","href":"https:\/\/api.w.org\/{rel}","templated":true}]}}