{"id":27,"date":"2024-05-07T13:41:15","date_gmt":"2024-05-07T13:41:15","guid":{"rendered":"https:\/\/dev-kf.kunstakademiet.dk\/?page_id=27"},"modified":"2024-05-07T13:41:15","modified_gmt":"2024-05-07T13:41:15","slug":"om-foreningen","status":"publish","type":"page","link":"https:\/\/kf.kunstakademiet.dk\/index.php\/om-foreningen\/","title":{"rendered":"Om foreningen"},"content":{"rendered":"\n<p>Foreningens form\u00e5l er at fremme medlemmernes interesse og kendskab til fortrinsvis ung kunst, samt at skabe f\u00e6lles kollegiale oplevelser p\u00e5 tv\u00e6rs af afdelinger og fagomr\u00e5de med kunsten i cenetrum.<\/p>\n\n\n\n<p>Dette s\u00f8ges opn\u00e5et ved dels at give medlemmer mulighed for at erhverve kunstv\u00e6rker ved lodtr\u00e6kning, dels ved medlemsarrangementer.<\/p>\n","protected":false},"excerpt":{"rendered":"<p>Foreningens form\u00e5l er at fremme medlemmernes interesse og kendskab til fortrinsvis ung kunst, samt at skabe f\u00e6lles kollegiale oplevelser p\u00e5 tv\u00e6rs af afdelinger og fagomr\u00e5de med kunsten i cenetrum. Dette s\u00f8ges opn\u00e5et ved dels at give medlemmer mulighed for at erhverve kunstv\u00e6rker ved lodtr\u00e6kning, dels ved medlemsarrangementer.<\/p>\n","protected":false},"author":2,"featured_media":0,"parent":0,"menu_order":0,"comment_status":"closed","ping_status":"closed","template":"","meta":{"inline_featured_image":false,"footnotes":""},"class_list":["post-27","page","type-page","status-publish","hentry"],"_links":{"self":[{"href":"https:\/\/kf.kunstakademiet.dk\/index.php\/wp-json\/wp\/v2\/pages\/27","targetHints":{"allow":["GET"]}}],"collection":[{"href":"https:\/\/kf.kunstakademiet.dk\/index.php\/wp-json\/wp\/v2\/pages"}],"about":[{"href":"https:\/\/kf.kunstakademiet.dk\/index.php\/wp-json\/wp\/v2\/types\/page"}],"author":[{"embeddable":true,"href":"https:\/\/kf.kunstakademiet.dk\/index.php\/wp-json\/wp\/v2\/users\/2"}],"replies":[{"embeddable":true,"href":"https:\/\/kf.kunstakademiet.dk\/index.php\/wp-json\/wp\/v2\/comments?post=27"}],"version-history":[{"count":1,"href":"https:\/\/kf.kunstakademiet.dk\/index.php\/wp-json\/wp\/v2\/pages\/27\/revisions"}],"predecessor-version":[{"id":28,"href":"https:\/\/kf.kunstakademiet.dk\/index.php\/wp-json\/wp\/v2\/pages\/27\/revisions\/28"}],"wp:attachment":[{"href":"https:\/\/kf.kunstakademiet.dk\/index.php\/wp-json\/wp\/v2\/media?parent=27"}],"curies":[{"name":"wp","href":"https:\/\/api.w.org\/{rel}","templated":true}]}}