{"id":29,"date":"2024-05-07T13:41:51","date_gmt":"2024-05-07T13:41:51","guid":{"rendered":"https:\/\/dev-kf.kunstakademiet.dk\/?page_id=29"},"modified":"2024-05-07T15:09:59","modified_gmt":"2024-05-07T15:09:59","slug":"bestyrelsesmedlemmer","status":"publish","type":"page","link":"https:\/\/kf.kunstakademiet.dk\/index.php\/om-foreningen\/bestyrelsesmedlemmer\/","title":{"rendered":"Bestyrelsesmedlemmer"},"content":{"rendered":"\n<p>Foreningens bestyrelse v\u00e6lges p\u00e5 generalforsamlingen og best\u00e5r af 6 medlemmer og mindst 1 suppleant; medlemmer v\u00e6lges p\u00e5 skift for 2 \u00e5r og suppleant(er) for 1 \u00e5r. Genvalg kan finde sted.<br>Bestyrelsen konstituerer sig selv med forperson og kasserer.<\/p>\n\n\n\n<p>Bestyrelsen er beslutningsdygtig n\u00e5r mindst 2 bestyrelsesmedlemmer foruden formanden er til&nbsp;stede. Beslutninger tr\u00e6ffes ved simpelt flertal og i tilf\u00e6lde af stemmelighed er formandens stemme&nbsp;udslagsgivende.<br>Alle medlemmer af foreningen har mulighed for at stille op til bestyrelsen.<\/p>\n\n\n\n<p><em>Bestyrelsen&nbsp;valgt 21. september 2023, konstitueret 25. oktober 2023<\/em><\/p>\n\n\n\n<p>May-Britt&nbsp;Jepsen, <strong>kasserer<\/strong>&nbsp;<a href=\"mailto:mjep@kglakademi.dk\">mjep@kglakademi.dk<br><\/a>Det Kongelige Akademi<a href=\"mailto:mjep@kglakademi.dk\"><\/a><\/p>\n\n\n\n<p>Sidsel Nyg\u00e5rd,&nbsp;<strong>forperson<\/strong><a href=\"mailto:snyg@kglakademi.dk\">snyg@kglakademi.dk<\/a><br>Det Kongelige Akademi<\/p>\n\n\n\n<p>Silas Emmery,&nbsp;<a href=\"mailto:semm@kglakademi.dk\">semm@kglakademi.dk<\/a><br>Det Kongelige Akademi,&nbsp;Det Kongelige Danske Kunstakademis&nbsp;Billedkunstskoler<a href=\"mailto:semm@kglakademi.dk\"><\/a><\/p>\n\n\n\n<p>Oskar&nbsp;Koliander,&nbsp;<a href=\"mailto:oskar.koliander@kunstakademiet.dk\">oskar.koliander@kunstakademiet.dk<\/a><br>Det Kongelige Danske Kunstakademis&nbsp;Billedkunstskoler<\/p>\n\n\n\n<p>Karina Mose,&nbsp;<a href=\"mailto:kmose@kglakademi.dk\">kmose@kglakademi.dk<\/a><br>Det Kongelige Akademi<\/p>\n\n\n\n<p>Heidi Bergstedt <a href=\"mailto:hebe@kglakademi.dk\">hebe@kglakademi.dk<br><\/a>Det Kongelige Akademi<\/p>\n\n\n\n<p>Line Klitbo, <strong>suppleant<\/strong>&nbsp;<a href=\"mailto:lkli@kglakademi.dk\">lkli@kglakademi.dk<\/a><br>Det Kongelige Akademi<a href=\"mailto:%22hagberg%40webspeed.dk%22%20%3Chagberg%40webspeed.dk%3E\"><\/a><\/p>\n\n\n\n<p>Ditte Jessing,&nbsp;<strong>suppleant&nbsp;<\/strong><a href=\"mailto:hebe@kglakademi.dk\">hebe@kglakademi.dk<br><\/a>Det Kongelige Akademi<\/p>\n\n\n\n<p>Anne Sckotz&nbsp;,&nbsp;<strong>suppleant&nbsp;<\/strong><a href=\"mailto:anne.sckotz@kunstakademiet.dk\">anne.sckotz@kunstakademiet.dk<br><\/a>Det Kongelige Danske Kunstakademis&nbsp;Billedkunstskoler<\/p>\n","protected":false},"excerpt":{"rendered":"<p>Foreningens bestyrelse v\u00e6lges p\u00e5 generalforsamlingen og best\u00e5r af 6 medlemmer og mindst 1 suppleant; medlemmer v\u00e6lges p\u00e5 skift for 2 \u00e5r og suppleant(er) for 1 \u00e5r. Genvalg kan finde sted.Bestyrelsen konstituerer sig selv med forperson og kasserer. Bestyrelsen er beslutningsdygtig n\u00e5r mindst 2 bestyrelsesmedlemmer foruden formanden er til&nbsp;stede. Beslutninger tr\u00e6ffes ved simpelt flertal og i [&hellip;]<\/p>\n","protected":false},"author":2,"featured_media":0,"parent":27,"menu_order":0,"comment_status":"closed","ping_status":"closed","template":"","meta":{"inline_featured_image":false,"footnotes":""},"class_list":["post-29","page","type-page","status-publish","hentry"],"_links":{"self":[{"href":"https:\/\/kf.kunstakademiet.dk\/index.php\/wp-json\/wp\/v2\/pages\/29","targetHints":{"allow":["GET"]}}],"collection":[{"href":"https:\/\/kf.kunstakademiet.dk\/index.php\/wp-json\/wp\/v2\/pages"}],"about":[{"href":"https:\/\/kf.kunstakademiet.dk\/index.php\/wp-json\/wp\/v2\/types\/page"}],"author":[{"embeddable":true,"href":"https:\/\/kf.kunstakademiet.dk\/index.php\/wp-json\/wp\/v2\/users\/2"}],"replies":[{"embeddable":true,"href":"https:\/\/kf.kunstakademiet.dk\/index.php\/wp-json\/wp\/v2\/comments?post=29"}],"version-history":[{"count":1,"href":"https:\/\/kf.kunstakademiet.dk\/index.php\/wp-json\/wp\/v2\/pages\/29\/revisions"}],"predecessor-version":[{"id":30,"href":"https:\/\/kf.kunstakademiet.dk\/index.php\/wp-json\/wp\/v2\/pages\/29\/revisions\/30"}],"up":[{"embeddable":true,"href":"https:\/\/kf.kunstakademiet.dk\/index.php\/wp-json\/wp\/v2\/pages\/27"}],"wp:attachment":[{"href":"https:\/\/kf.kunstakademiet.dk\/index.php\/wp-json\/wp\/v2\/media?parent=29"}],"curies":[{"name":"wp","href":"https:\/\/api.w.org\/{rel}","templated":true}]}}