{"id":31,"date":"2024-05-07T13:42:41","date_gmt":"2024-05-07T13:42:41","guid":{"rendered":"https:\/\/dev-kf.kunstakademiet.dk\/?page_id=31"},"modified":"2024-05-07T15:10:10","modified_gmt":"2024-05-07T15:10:10","slug":"vedtaegter","status":"publish","type":"page","link":"https:\/\/kf.kunstakademiet.dk\/index.php\/om-foreningen\/vedtaegter\/","title":{"rendered":"Vedt\u00e6gter"},"content":{"rendered":"\n<p class=\"has-text-align-right\">29.01. 1988<br>\u00e6ndret 22.04. 1997<br>\u00e6ndret 19.04. 2001<br>\u00e6ndret 26.04. 2007<br>\u00e6ndret 28.05. 2009<br>\u00e6ndret 02.06. 2010<br>\u00e6ndret 31.05. 2011<br>\u00e6ndret 06.06. 2013<br>\u00e6ndret 15.09. 2015<br>\u00e6ndret 21.09. 2023<\/p>\n\n\n\n<p>\u00a7 1 Foreningens navn<\/p>\n\n\n\n<pre class=\"wp-block-code\"><code>Foreningens navn er Kunstakademiets Kunstforening.<\/code><\/pre>\n\n\n\n<p>\u00a7 2 Foreningens form\u00e5l<\/p>\n\n\n\n<pre class=\"wp-block-code\"><code>Foreningens form\u00e5l er at fremme medlemmernes interesse og kendskab til fortrinsvis ung kunst, hvilket s\u00f8ges opn\u00e5et ved dels at give medlemmer mulighed for at erhverve kunstv\u00e6rker ved lodtr\u00e6kning, dels ved medlemsarrangementer.<\/code><\/pre>\n\n\n\n<p>\u00a7 3 Medlemskredsen<\/p>\n\n\n\n<pre class=\"wp-block-code\"><code>Som medlem kan optages enhver, der er eller har v\u00e6ret ansat p\u00e5 Det Kongelige Danske Kunstakademi, Det Kongelige Akademi - Arkitektur, Design, Konservering eller forg\u00e6ngerinstitutioner.<\/code><\/pre>\n\n\n\n<p>\u00a7 4 Kontingent samt ind- og udmeldelse<\/p>\n\n\n\n<pre class=\"wp-block-code\"><code>Kontingentet fasts\u00e6ttes af generalforsamlingen og betales af de ansatte via l\u00f8ntr\u00e6k. Tidligere ansatte betaler kontingent \u00e5rligt forud.\n\nPensionister og efterl\u00f8nsmodtagere betaler 50 % af det ordin\u00e6re kontingent Indmeldelse kan ske til foreningens e-mailadresse &#91;kakunst@kglakademi.dk] \u00e5ret igennem til den 1. i m\u00e5neden.\n\nMedlemmer, der stopper i foreningen efter at have indbetalt et \u00e5rs fuldt kontingent frem til generalforsamlingen, kan deltage i den efterf\u00f8lgende lodtr\u00e6kning efter bestemmelserne i \u00a7 6.\n\nAlle udmeldelser skal v\u00e6re skriftlige og sendes til foreningens e-mailadresse.\n\nRegnskabs\u00e5ret g\u00e5r fra 1. september - 31. august.\n\nForudbetalt kontingent kan kun anvendes til indk\u00f8b af kunst i det regnskabs\u00e5r, der er indbetalt for.<\/code><\/pre>\n\n\n\n<p>\u00a7 5 Bestyrelsen<\/p>\n\n\n\n<pre class=\"wp-block-code\"><code>Foreningens bestyrelse v\u00e6lges p\u00e5 generalforsamlingen og best\u00e5r af 6 medlemmer og mindst 1 suppleant; medlemmer v\u00e6lges p\u00e5 skift for 2 \u00e5r og suppleant(er) for 1 \u00e5r.\n\nGenvalg kan finde sted.Bestyrelsen konstituerer sig selv med forperson og kasserer.\n\nBestyrelsen er beslutningsdygtig n\u00e5r mindst 4 bestyrelsesmedlemmer er til stede.\n\nBeslutninger tr\u00e6ffes ved simpelt flertal og i tilf\u00e6lde af stemmelighed er forpersonens stemme udslagsgivende.<\/code><\/pre>\n\n\n\n<p>\u00a7 6 Indk\u00f8b og fordeling<\/p>\n\n\n\n<pre class=\"wp-block-code\"><code>Bestyrelsen foretager indk\u00f8b af kunst. Fordeling blandt medlemmer af \u00e5rets indk\u00f8bte kunst sker ved lodtr\u00e6kning. Ikke tilstedev\u00e6rende kan via fuldmagt v\u00e6lge vundet kunst. Der vil ikke blive reserveret v\u00e6rker til medlemmer, der ikke er til stede eller ikke har afgivet fuldmagt.\n\nFor at deltage i lodtr\u00e6kningen skal man have v\u00e6ret medlem i mindst 3 m\u00e5neder. Medlemmer der er mere end 3 m\u00e5neder i kontingentrestance kan ikke deltage i lodtr\u00e6kningen.\n\nEfter den ordin\u00e6re bortlodning af \u00e5rets indk\u00f8b kan der v\u00e6re en lodtr\u00e6kning af ekstrapr\u00e6mier. Disse kan kun vindes af medlemmer, der er til stede p\u00e5 den igangv\u00e6rende generalforsamling.<\/code><\/pre>\n\n\n\n<p>\u00a7 7 Generalforsamlingen<\/p>\n\n\n\n<pre class=\"wp-block-code\"><code>Ordin\u00e6r generalforsamling afholdes fysisk \u00e9n gang \u00e5rligt normalt i september m\u00e5ned. Den indkaldes med mindst 14 dages varsel.\n\nForslag, som medlemmerne \u00f8nsker behandlet, m\u00e5 v\u00e6re bestyrelsen i h\u00e6nde senest 8 dage inden generalforsamlingen, hvorefter bestyrelsen i givet fald udsender ny dagsorden.\nDagsordenen skal indeholde f\u00f8lgende punkter:\n\n1. Valg af dirigent\n2. Valg af referent\n3. Forpersonens beretning\n4. Kassererens forl\u00e6ggelse af et revideret regnskab\n5. Behandling af indkomne forslag\n6. Valg af henholdsvis 3 bestyrelsesmedlemmer og mindst 1 suppleant\n7. Valg af revisor\n8. Eventuelt<\/code><\/pre>\n\n\n\n<p>\u00a7 8 Ekstraordin\u00e6r generalforsamling<\/p>\n\n\n\n<pre class=\"wp-block-code\"><code>Ekstraordin\u00e6r generalforsamling kan indkaldes af bestyrelsen med mindst 8 dages varsel. Indkaldelsen skal ske n\u00e5r mindst 20 % af medlemmer over for bestyrelsen frems\u00e6tter skriftlig beg\u00e6ring herom, ledsaget af formuleret forslag til behandling. Generalforsamlingen skal i s\u00e5 fald finde sted senest 3 uger efter beg\u00e6ringens frems\u00e6ttelse.<\/code><\/pre>\n\n\n\n<p>\u00a7 9 Generalforsamlingens beslutninger<\/p>\n\n\n\n<pre class=\"wp-block-code\"><code>Generalforsamlingens beslutninger tr\u00e6ffes ved simpelt flertal. Dette g\u00e6lder dog ikke beslutning om \u00e6ndring af foreningens vedt\u00e6gter; en beslutning om dette kr\u00e6ver mindst \u00be af de afgivne stemmer. Der kan ikke stemmes ved fuldmagt. Vedt\u00e6gts\u00e6ndringer tr\u00e6der i kraft umiddelbart efter den generalforsamling, hvor de er vedtaget.<\/code><\/pre>\n\n\n\n<p>\u00a7 10 Foreningens opl\u00f8sning<\/p>\n\n\n\n<pre class=\"wp-block-code\"><code>Foreningens opl\u00f8sning kan kun finde sted n\u00e5r en i denne anledning indkaldt ekstraordin\u00e6r generalforsamling vedtager dette med mindst \u00be af de afgivne stemmer. Der kan ikke stemmes ved fuldmagt. Midler, som foreningen ved beslutning om opl\u00f8sning m\u00e5tte v\u00e6re i besiddelse af, skal, forinden endelig opl\u00f8sning, anvendes til indk\u00f8b af kunstv\u00e6rker samt fordeling af disse blandt medlemmerne ved lodtr\u00e6kning.<\/code><\/pre>\n","protected":false},"excerpt":{"rendered":"<p>29.01. 1988\u00e6ndret 22.04. 1997\u00e6ndret 19.04. 2001\u00e6ndret 26.04. 2007\u00e6ndret 28.05. 2009\u00e6ndret 02.06. 2010\u00e6ndret 31.05. 2011\u00e6ndret 06.06. 2013\u00e6ndret 15.09. 2015\u00e6ndret 21.09. 2023 \u00a7 1 Foreningens navn \u00a7 2 Foreningens form\u00e5l \u00a7 3 Medlemskredsen \u00a7 4 Kontingent samt ind- og udmeldelse \u00a7 5 Bestyrelsen \u00a7 6 Indk\u00f8b og fordeling \u00a7 7 Generalforsamlingen \u00a7 8 Ekstraordin\u00e6r generalforsamling \u00a7 9 [&hellip;]<\/p>\n","protected":false},"author":2,"featured_media":0,"parent":27,"menu_order":0,"comment_status":"closed","ping_status":"closed","template":"","meta":{"inline_featured_image":false,"footnotes":""},"class_list":["post-31","page","type-page","status-publish","hentry"],"_links":{"self":[{"href":"https:\/\/kf.kunstakademiet.dk\/index.php\/wp-json\/wp\/v2\/pages\/31","targetHints":{"allow":["GET"]}}],"collection":[{"href":"https:\/\/kf.kunstakademiet.dk\/index.php\/wp-json\/wp\/v2\/pages"}],"about":[{"href":"https:\/\/kf.kunstakademiet.dk\/index.php\/wp-json\/wp\/v2\/types\/page"}],"author":[{"embeddable":true,"href":"https:\/\/kf.kunstakademiet.dk\/index.php\/wp-json\/wp\/v2\/users\/2"}],"replies":[{"embeddable":true,"href":"https:\/\/kf.kunstakademiet.dk\/index.php\/wp-json\/wp\/v2\/comments?post=31"}],"version-history":[{"count":3,"href":"https:\/\/kf.kunstakademiet.dk\/index.php\/wp-json\/wp\/v2\/pages\/31\/revisions"}],"predecessor-version":[{"id":35,"href":"https:\/\/kf.kunstakademiet.dk\/index.php\/wp-json\/wp\/v2\/pages\/31\/revisions\/35"}],"up":[{"embeddable":true,"href":"https:\/\/kf.kunstakademiet.dk\/index.php\/wp-json\/wp\/v2\/pages\/27"}],"wp:attachment":[{"href":"https:\/\/kf.kunstakademiet.dk\/index.php\/wp-json\/wp\/v2\/media?parent=31"}],"curies":[{"name":"wp","href":"https:\/\/api.w.org\/{rel}","templated":true}]}}