{"id":43,"date":"2024-05-07T14:58:28","date_gmt":"2024-05-07T14:58:28","guid":{"rendered":"https:\/\/dev-kf.kunstakademiet.dk\/?page_id=43"},"modified":"2024-05-07T14:58:28","modified_gmt":"2024-05-07T14:58:28","slug":"arrangementer","status":"publish","type":"page","link":"https:\/\/kf.kunstakademiet.dk\/index.php\/arrangementer\/","title":{"rendered":"Arrangementer"},"content":{"rendered":"\n<p>Arrangementer udg\u00f8r en stor del af de aktiviteter, der foreg\u00e5r i \u00e5rets l\u00f8b i foreningen. Nogle arrangementer er fast tilbagevendende. Det g\u00e6lder bl.a. Elevudstillingen \u2013 hvor 3-4 studerende p\u00e5 Kunstakademiets Billedkunstskoler udstiller udvalgte v\u00e6rker for foreningen,&nbsp;og selvf\u00f8lgelig den \u00e5rlige generalforsamling.<\/p>\n\n\n\n<p>Udover \u2019det faste\u2019 tilrettel\u00e6gger vi andre arrangementer. Bl.a. v\u00e6rkstedsbes\u00f8g, \u2019bag kulisserne\u2019, filmforevisning, arkitekturbes\u00f8g mm.<\/p>\n\n\n\n<p>Hvis du har en id\u00e9 til et sted, en udstilling eller andet, som du mener foreningen bes\u00f8ge s\u00e5 kontakt os endelig p\u00e5&nbsp;<a href=\"mailto:kakunst@kglakademi.dk\">kakunst@kglakademi.dk<\/a><\/p>\n","protected":false},"excerpt":{"rendered":"<p>Arrangementer udg\u00f8r en stor del af de aktiviteter, der foreg\u00e5r i \u00e5rets l\u00f8b i foreningen. Nogle arrangementer er fast tilbagevendende. Det g\u00e6lder bl.a. Elevudstillingen \u2013 hvor 3-4 studerende p\u00e5 Kunstakademiets Billedkunstskoler udstiller udvalgte v\u00e6rker for foreningen,&nbsp;og selvf\u00f8lgelig den \u00e5rlige generalforsamling. Udover \u2019det faste\u2019 tilrettel\u00e6gger vi andre arrangementer. Bl.a. v\u00e6rkstedsbes\u00f8g, \u2019bag kulisserne\u2019, filmforevisning, arkitekturbes\u00f8g mm. Hvis [&hellip;]<\/p>\n","protected":false},"author":2,"featured_media":0,"parent":0,"menu_order":0,"comment_status":"closed","ping_status":"closed","template":"","meta":{"inline_featured_image":false,"footnotes":""},"class_list":["post-43","page","type-page","status-publish","hentry"],"_links":{"self":[{"href":"https:\/\/kf.kunstakademiet.dk\/index.php\/wp-json\/wp\/v2\/pages\/43","targetHints":{"allow":["GET"]}}],"collection":[{"href":"https:\/\/kf.kunstakademiet.dk\/index.php\/wp-json\/wp\/v2\/pages"}],"about":[{"href":"https:\/\/kf.kunstakademiet.dk\/index.php\/wp-json\/wp\/v2\/types\/page"}],"author":[{"embeddable":true,"href":"https:\/\/kf.kunstakademiet.dk\/index.php\/wp-json\/wp\/v2\/users\/2"}],"replies":[{"embeddable":true,"href":"https:\/\/kf.kunstakademiet.dk\/index.php\/wp-json\/wp\/v2\/comments?post=43"}],"version-history":[{"count":1,"href":"https:\/\/kf.kunstakademiet.dk\/index.php\/wp-json\/wp\/v2\/pages\/43\/revisions"}],"predecessor-version":[{"id":44,"href":"https:\/\/kf.kunstakademiet.dk\/index.php\/wp-json\/wp\/v2\/pages\/43\/revisions\/44"}],"wp:attachment":[{"href":"https:\/\/kf.kunstakademiet.dk\/index.php\/wp-json\/wp\/v2\/media?parent=43"}],"curies":[{"name":"wp","href":"https:\/\/api.w.org\/{rel}","templated":true}]}}