{"id":49,"date":"2024-05-07T15:00:31","date_gmt":"2024-05-07T15:00:31","guid":{"rendered":"https:\/\/dev-kf.kunstakademiet.dk\/?page_id=49"},"modified":"2024-05-07T15:00:32","modified_gmt":"2024-05-07T15:00:32","slug":"generalforsamling","status":"publish","type":"page","link":"https:\/\/kf.kunstakademiet.dk\/index.php\/generalforsamling\/","title":{"rendered":"Generalforsamling"},"content":{"rendered":"\n<p>Generalforsamlingen er foreningens \u00f8verste myndighed, hvor der v\u00e6lges bestyrelsesmedlemmer, godkendes regnskaber mm. Se ogs\u00e5&nbsp;foreningens vedt\u00e6gter.<\/p>\n\n\n\n<p>Generalforsamlingen er ogs\u00e5 det faste \u00e5rlige arrangement, hvor de fleste medlemmer m\u00f8des og efterf\u00f8lgende spiser sammen. Den \u00e5rlige bortlodning af indk\u00f8bt kunst foreg\u00e5r i forl\u00e6ngelse af generalforsamlingen.<\/p>\n\n\n\n<p>De seneste \u00e5r er generalforsamlingen blevet holdt p\u00e5 KADK p\u00e5 Holmen.&nbsp;<\/p>\n","protected":false},"excerpt":{"rendered":"<p>Generalforsamlingen er foreningens \u00f8verste myndighed, hvor der v\u00e6lges bestyrelsesmedlemmer, godkendes regnskaber mm. Se ogs\u00e5&nbsp;foreningens vedt\u00e6gter. Generalforsamlingen er ogs\u00e5 det faste \u00e5rlige arrangement, hvor de fleste medlemmer m\u00f8des og efterf\u00f8lgende spiser sammen. Den \u00e5rlige bortlodning af indk\u00f8bt kunst foreg\u00e5r i forl\u00e6ngelse af generalforsamlingen. De seneste \u00e5r er generalforsamlingen blevet holdt p\u00e5 KADK p\u00e5 Holmen.&nbsp;<\/p>\n","protected":false},"author":2,"featured_media":0,"parent":0,"menu_order":0,"comment_status":"closed","ping_status":"closed","template":"","meta":{"inline_featured_image":false,"footnotes":""},"class_list":["post-49","page","type-page","status-publish","hentry"],"_links":{"self":[{"href":"https:\/\/kf.kunstakademiet.dk\/index.php\/wp-json\/wp\/v2\/pages\/49","targetHints":{"allow":["GET"]}}],"collection":[{"href":"https:\/\/kf.kunstakademiet.dk\/index.php\/wp-json\/wp\/v2\/pages"}],"about":[{"href":"https:\/\/kf.kunstakademiet.dk\/index.php\/wp-json\/wp\/v2\/types\/page"}],"author":[{"embeddable":true,"href":"https:\/\/kf.kunstakademiet.dk\/index.php\/wp-json\/wp\/v2\/users\/2"}],"replies":[{"embeddable":true,"href":"https:\/\/kf.kunstakademiet.dk\/index.php\/wp-json\/wp\/v2\/comments?post=49"}],"version-history":[{"count":1,"href":"https:\/\/kf.kunstakademiet.dk\/index.php\/wp-json\/wp\/v2\/pages\/49\/revisions"}],"predecessor-version":[{"id":50,"href":"https:\/\/kf.kunstakademiet.dk\/index.php\/wp-json\/wp\/v2\/pages\/49\/revisions\/50"}],"wp:attachment":[{"href":"https:\/\/kf.kunstakademiet.dk\/index.php\/wp-json\/wp\/v2\/media?parent=49"}],"curies":[{"name":"wp","href":"https:\/\/api.w.org\/{rel}","templated":true}]}}