{"id":55,"date":"2024-05-07T15:05:17","date_gmt":"2024-05-07T15:05:17","guid":{"rendered":"https:\/\/dev-kf.kunstakademiet.dk\/?page_id=55"},"modified":"2024-05-07T15:09:26","modified_gmt":"2024-05-07T15:09:26","slug":"bortlodninger","status":"publish","type":"page","link":"https:\/\/kf.kunstakademiet.dk\/index.php\/generalforsamling\/bortlodninger\/","title":{"rendered":"Bortlodninger"},"content":{"rendered":"\n<p>V\u00e6r opm\u00e6rksom p\u00e5 foreningens vedt\u00e6gter, \u00a7 6 \u2019Indk\u00f8b og fordeling\u2019 i forbindelse med bortlodning:<\/p>\n\n\n\n<p><em>\u201dBestyrelsen foretager indk\u00f8b af kunst. Fordeling blandt medlemmer af \u00e5retsindk\u00f8bte kunst&nbsp;<\/em><em>sker ved lodtr\u00e6kning. Ikke tilstedev\u00e6rende kan via fuldmagt v\u00e6lge vundet kunst. Der vil ikke blive reserveret v\u00e6rker til medlemmer, der ikke er til stede eller ikke har afgivet fuldmagt.<\/em><\/p>\n\n\n\n<p><em>For at deltage i lodtr\u00e6kningen skal man have v\u00e6ret medlem i mindst 3 m\u00e5neder. Medlemmer der er mere end 3 m\u00e5neder i kontingentrestance kan ikke deltage i lodtr\u00e6kningen.<\/em><\/p>\n\n\n\n<p><em>Efter den ordin\u00e6re bortlodning af \u00e5rets indk\u00f8b kan der v\u00e6re en lodtr\u00e6kning af ekstrapr\u00e6mier. Disse kan kun vindes af medlemmer, der er til stede og som ikke har vundet ved den ordin\u00e6re udtr\u00e6kning de sidste 4 \u00e5r og p\u00e5 den igangv\u00e6rende generalforsamling.\u201d<\/em><\/p>\n\n\n\n<p>I forbindelse med udsendelse af v\u00e6rkliste til den \u00e5rlige bortlodning udsendes der ogs\u00e5 tilh\u00f8rende fuldmagt.<\/p>\n","protected":false},"excerpt":{"rendered":"<p>V\u00e6r opm\u00e6rksom p\u00e5 foreningens vedt\u00e6gter, \u00a7 6 \u2019Indk\u00f8b og fordeling\u2019 i forbindelse med bortlodning: \u201dBestyrelsen foretager indk\u00f8b af kunst. Fordeling blandt medlemmer af \u00e5retsindk\u00f8bte kunst&nbsp;sker ved lodtr\u00e6kning. Ikke tilstedev\u00e6rende kan via fuldmagt v\u00e6lge vundet kunst. Der vil ikke blive reserveret v\u00e6rker til medlemmer, der ikke er til stede eller ikke har afgivet fuldmagt. For at [&hellip;]<\/p>\n","protected":false},"author":2,"featured_media":0,"parent":49,"menu_order":0,"comment_status":"closed","ping_status":"closed","template":"","meta":{"inline_featured_image":false,"footnotes":""},"class_list":["post-55","page","type-page","status-publish","hentry"],"_links":{"self":[{"href":"https:\/\/kf.kunstakademiet.dk\/index.php\/wp-json\/wp\/v2\/pages\/55","targetHints":{"allow":["GET"]}}],"collection":[{"href":"https:\/\/kf.kunstakademiet.dk\/index.php\/wp-json\/wp\/v2\/pages"}],"about":[{"href":"https:\/\/kf.kunstakademiet.dk\/index.php\/wp-json\/wp\/v2\/types\/page"}],"author":[{"embeddable":true,"href":"https:\/\/kf.kunstakademiet.dk\/index.php\/wp-json\/wp\/v2\/users\/2"}],"replies":[{"embeddable":true,"href":"https:\/\/kf.kunstakademiet.dk\/index.php\/wp-json\/wp\/v2\/comments?post=55"}],"version-history":[{"count":1,"href":"https:\/\/kf.kunstakademiet.dk\/index.php\/wp-json\/wp\/v2\/pages\/55\/revisions"}],"predecessor-version":[{"id":56,"href":"https:\/\/kf.kunstakademiet.dk\/index.php\/wp-json\/wp\/v2\/pages\/55\/revisions\/56"}],"up":[{"embeddable":true,"href":"https:\/\/kf.kunstakademiet.dk\/index.php\/wp-json\/wp\/v2\/pages\/49"}],"wp:attachment":[{"href":"https:\/\/kf.kunstakademiet.dk\/index.php\/wp-json\/wp\/v2\/media?parent=55"}],"curies":[{"name":"wp","href":"https:\/\/api.w.org\/{rel}","templated":true}]}}